{"id":112,"date":"2009-09-04T21:07:52","date_gmt":"2009-09-04T19:07:52","guid":{"rendered":"http:\/\/vom.wowie.org\/?page_id=112"},"modified":"2009-09-21T08:00:33","modified_gmt":"2009-09-21T06:00:33","slug":"epi-s-bootloader","status":"publish","type":"page","link":"https:\/\/vom.wowie.org\/?page_id=112","title":{"rendered":"EPI-S Bootloader"},"content":{"rendered":"<p>Habe mal im Inet gegraben und einige Ans\u00e4tze f\u00fcr Bootloader ausprobiert.<\/p>\n<p>Als sehr gute L\u00f6sung stellte sich <a href=\"http:\/\/avrubd.googlepages.com\/avrub_readme.htm\">AVRUB <\/a>dar.<br \/>\nHabe das ausgiebig gestestet und stelle hier mal ein ToDo vor.<\/p>\n<p>Die Bootloader <a href=\"http:\/\/vom.wowie.org\/wp-content\/uploads\/2009\/09\/Bootldr.hex\">Firmware<\/a><\/p>\n<p>Diese flasht man wie gewohnt in den ATMEGA8.<\/p>\n<p>Fuses sind wie folgt zu setzten:<\/p>\n<p><a href=\"http:\/\/vom.wowie.org\/wp-content\/uploads\/2009\/09\/fuses_bl_epis.JPG\"><img decoding=\"async\" class=\"aligncenter size-full wp-image-116\" title=\"fuses_bl_epis\" src=\"http:\/\/vom.wowie.org\/wp-content\/uploads\/2009\/09\/fuses_bl_epis.JPG\" alt=\"fuses_bl_epis\" \/><\/a><\/p>\n<p>Die Fuses f\u00fcr den Systemtakt l\u00e4\u00dft man so wie gehabt, die unterscheiden sich bei<br \/>\nden HW Versionen 1.0 und 1.1<\/p>\n<p>Danach l\u00e4dt man sich <a href='http:\/\/vom.wowie.org\/wp-content\/uploads\/2009\/09\/avrubd.exe'>avrubd<\/a><br \/>\nund die entsprechende Ini-Date<a href='http:\/\/vom.wowie.org\/wp-content\/uploads\/2009\/09\/avrubd.ini'>avrubd<\/a><\/p>\n<p>Nun startet man avrubd und konfiguriert die serielle Schnittstelle.<\/p>\n<p>Viel Spa\u00df beim Auspropieren <\/p>\n","protected":false},"excerpt":{"rendered":"<p>Habe mal im Inet gegraben und einige Ans\u00e4tze f\u00fcr Bootloader ausprobiert. Als sehr gute L\u00f6sung stellte sich AVRUB dar. Habe das ausgiebig gestestet und stelle hier mal ein ToDo vor. Die Bootloader Firmware Diese flasht man wie gewohnt in den ATMEGA8. Fuses sind wie folgt zu setzten: Die Fuses f\u00fcr den Systemtakt l\u00e4\u00dft man so [&hellip;]<\/p>\n","protected":false},"author":1,"featured_media":0,"parent":0,"menu_order":0,"comment_status":"open","ping_status":"open","template":"","meta":{"footnotes":""},"class_list":["post-112","page","type-page","status-publish","hentry"],"_links":{"self":[{"href":"https:\/\/vom.wowie.org\/index.php?rest_route=\/wp\/v2\/pages\/112"}],"collection":[{"href":"https:\/\/vom.wowie.org\/index.php?rest_route=\/wp\/v2\/pages"}],"about":[{"href":"https:\/\/vom.wowie.org\/index.php?rest_route=\/wp\/v2\/types\/page"}],"author":[{"embeddable":true,"href":"https:\/\/vom.wowie.org\/index.php?rest_route=\/wp\/v2\/users\/1"}],"replies":[{"embeddable":true,"href":"https:\/\/vom.wowie.org\/index.php?rest_route=%2Fwp%2Fv2%2Fcomments&post=112"}],"version-history":[{"count":10,"href":"https:\/\/vom.wowie.org\/index.php?rest_route=\/wp\/v2\/pages\/112\/revisions"}],"predecessor-version":[{"id":114,"href":"https:\/\/vom.wowie.org\/index.php?rest_route=\/wp\/v2\/pages\/112\/revisions\/114"}],"wp:attachment":[{"href":"https:\/\/vom.wowie.org\/index.php?rest_route=%2Fwp%2Fv2%2Fmedia&parent=112"}],"curies":[{"name":"wp","href":"https:\/\/api.w.org\/{rel}","templated":true}]}}