{"id":2,"date":"2009-07-24T17:38:38","date_gmt":"2009-07-24T15:38:38","guid":{"rendered":"http:\/\/vom.wowie.org\/?page_id=2"},"modified":"2010-08-09T18:03:17","modified_gmt":"2010-08-09T16:03:17","slug":"eine-seite","status":"publish","type":"page","link":"https:\/\/vom.wowie.org\/?page_id=2","title":{"rendered":"Impressum"},"content":{"rendered":"<h4><strong>Der Inhalt wurde nat\u00fcrlich im Netz aufgefunden:<\/strong><\/h4>\n<p>Wierczeyko KG<br \/>\nD\u00f6rntener Str.7<br \/>\n38704 Liebenburg<br \/>\nTelefon: +49 5346 946541<br \/>\nTelefax*: +49 5346 946711<br \/>\nE-Mail: wolfgang( a t )wierczeyko.de<br \/>\nInternet*: vom.wowie.org<\/p>\n<p>Vertretungsberechtigter Gesellschafter** (Komplement\u00e4r): Wolfgang Wierczeyko<br \/>\nRegistergericht: Amtsgericht Clausthal<\/p>\n<p>Umsatzsteuer-Identifikationsnummer gem\u00e4\u00df \u00a7 27                                           a Umsatzsteuergesetz: DE 115387820<\/p>\n<p>Haftungshinweis: Trotz sorgf\u00e4ltiger                                           inhaltlicher Kontrolle \u00fcbernehmen                                           wir keine Haftung f\u00fcr die Inhalte                                           externer Links. F\u00fcr den Inhalt der                                           verlinkten Seiten sind ausschlie\u00dflich                                           deren Betreiber verantwortlich.<\/p>\n<p><strong>Hinweise<\/strong> Ich \u00fcbernehme keine Haftung f\u00fcr die Korrektheit oder Vollst\u00e4ndigkeit der ver\u00f6ffentlichten Informationen. Eine Ver\u00e4nderung der Inhalte kann ohne vorherige Ank\u00fcndigung erfolgen.<\/p>\n<p>Auch wenn Links nur nach inhaltlicher Kontrolle gesetzt werden, \u00fcbernehme ich, der Autor,\u00a0 f\u00fcr die Inhalte externer Links keine Haftung.<br \/>\nF\u00fcr den Inhalt verlinkter Seiten ist\/sind ausschlie\u00dflich deren Betreiber\/Autoren verantwortlich. Ich distanziere mich ausdr\u00fccklich von allen Inhalten, aller auf diesem Internetangebot verlinkten Seiten gem\u00e4\u00df dem Urteil vom Landgericht Hamburg vom 12. Mai 1998 \u2013 312 O 85\/98 bez\u00fcglich der Haftung f\u00fcr Links.<\/p>\n","protected":false},"excerpt":{"rendered":"<p>Der Inhalt wurde nat\u00fcrlich im Netz aufgefunden: Wierczeyko KG D\u00f6rntener Str.7 38704 Liebenburg Telefon: +49 5346 946541 Telefax*: +49 5346 946711 E-Mail: wolfgang( a t )wierczeyko.de Internet*: vom.wowie.org Vertretungsberechtigter Gesellschafter** (Komplement\u00e4r): Wolfgang Wierczeyko Registergericht: Amtsgericht Clausthal Umsatzsteuer-Identifikationsnummer gem\u00e4\u00df \u00a7 27 a Umsatzsteuergesetz: DE 115387820 Haftungshinweis: Trotz sorgf\u00e4ltiger inhaltlicher Kontrolle \u00fcbernehmen wir keine Haftung f\u00fcr die [&hellip;]<\/p>\n","protected":false},"author":1,"featured_media":0,"parent":0,"menu_order":0,"comment_status":"open","ping_status":"open","template":"","meta":{"footnotes":""},"class_list":["post-2","page","type-page","status-publish","hentry"],"_links":{"self":[{"href":"https:\/\/vom.wowie.org\/index.php?rest_route=\/wp\/v2\/pages\/2"}],"collection":[{"href":"https:\/\/vom.wowie.org\/index.php?rest_route=\/wp\/v2\/pages"}],"about":[{"href":"https:\/\/vom.wowie.org\/index.php?rest_route=\/wp\/v2\/types\/page"}],"author":[{"embeddable":true,"href":"https:\/\/vom.wowie.org\/index.php?rest_route=\/wp\/v2\/users\/1"}],"replies":[{"embeddable":true,"href":"https:\/\/vom.wowie.org\/index.php?rest_route=%2Fwp%2Fv2%2Fcomments&post=2"}],"version-history":[{"count":6,"href":"https:\/\/vom.wowie.org\/index.php?rest_route=\/wp\/v2\/pages\/2\/revisions"}],"predecessor-version":[{"id":557,"href":"https:\/\/vom.wowie.org\/index.php?rest_route=\/wp\/v2\/pages\/2\/revisions\/557"}],"wp:attachment":[{"href":"https:\/\/vom.wowie.org\/index.php?rest_route=%2Fwp%2Fv2%2Fmedia&parent=2"}],"curies":[{"name":"wp","href":"https:\/\/api.w.org\/{rel}","templated":true}]}}